{"id":2610,"date":"2022-09-27T15:52:20","date_gmt":"2022-09-27T13:52:20","guid":{"rendered":"https:\/\/www.cenntroauto.de\/?page_id=2610"},"modified":"2022-10-19T17:49:52","modified_gmt":"2022-10-19T15:49:52","slug":"mitmachen","status":"publish","type":"page","link":"https:\/\/www.cenntroauto.de\/de\/mitmachen\/","title":{"rendered":"Join Us"},"content":{"rendered":"<p>[vc_row el_class=&#8221;margin-bottom-none padding-bottom-40&#8243;][vc_column][vc_column_text]<\/p>\n<h2 style=\"text-align: center;\">Karriere mit uns<\/h2>\n<p>[\/vc_column_text][vc_column_text]<\/p>\n<h5 style=\"text-align: center;\"><strong>Ein innovatives Team, das den Wandel der Elektro-Nutzfahrzeug Industrie leitet.<\/strong><\/h5>\n<p>&nbsp;<\/p>\n<h6 style=\"text-align: center;\">Cenntro bietet mutigen, innovativen Menschen, die die Zukunft des Verkehrs und der Mobilit\u00e4t mitgestalten wollen, anregende und erf\u00fcllende Karrierem\u00f6glichkeiten.<\/h6>\n<p>&nbsp;<\/p>\n<h6 style=\"text-align: center;\">Entdecken Sie die Stellenangebote, die Sie inspirieren!<\/h6>\n<p>[\/vc_column_text][vc_separator][vc_btn title=&#8221;Jetzt mitmachen!&#8221; color=&#8221;primary&#8221; size=&#8221;lg&#8221; align=&#8221;center&#8221; link=&#8221;url:mailto%3Ainfo%40cenntroauto.de&#8221;][\/vc_column][\/vc_row][vc_row el_class=&#8221;margin-bottom-none margin-top-30&#8243;][vc_column][vc_column_text]<\/p>\n<h2 style=\"text-align: center;\">Stellenangebote<\/h2>\n<p>[\/vc_column_text][vc_column_text]<\/p>\n<h4 style=\"text-align: center;\">\u2014 Marketingleiter*in \u2014<\/h4>\n<p>[\/vc_column_text][vc_column_text]<\/p>\n<h4 style=\"text-align: center;\">\u2014 Marketingassistent*in \u2014<\/h4>\n<p>[\/vc_column_text][vc_column_text]<\/p>\n<h4 style=\"text-align: center;\">\u2014 Berater*in \u2014<\/h4>\n<p>[\/vc_column_text][vc_column_text]<\/p>\n<h4 style=\"text-align: center;\"><strong>F\u00fcgen Sie bitte der E-Mail Ihren Lebenslauf bei.<\/strong><\/h4>\n<p>[\/vc_column_text][\/vc_column][\/vc_row][vc_row][vc_column][vc_single_image image=&#8221;2531&#8243; img_size=&#8221;full&#8221; alignment=&#8221;center&#8221; style=&#8221;vc_box_shadow&#8221;][\/vc_column][\/vc_row]<\/p>\n","protected":false},"excerpt":{"rendered":"<p>[vc_row el_class=&#8221;margin-bottom-none padding-bottom-40&#8243;][vc_column][vc_column_text]<\/p>\n<p> Karriere mit uns <\/p>\n<p>[\/vc_column_text][vc_column_text]<\/p>\n<p> <strong>Ein innovatives Team, das den Wandel der Elektro-Nutzfahrzeug Industrie leitet.<\/strong> <\/p>\n<p>&nbsp;<\/p>\n<p> Cenntro bietet mutigen, innovativen Menschen, die die Zukunft des Verkehrs und der Mobilit\u00e4t mitgestalten wollen, anregende und erf\u00fcllende Karrierem\u00f6glichkeiten. <\/p>\n<p>&nbsp;<\/p>\n<p> Entdecken Sie die Stellenangebote, die Sie inspirieren! <\/p>\n<p>[\/vc_column_text][vc_separator][vc_btn title=&#8221;Jetzt mitmachen!&#8221; color=&#8221;primary&#8221; size=&#8221;lg&#8221; align=&#8221;center&#8221; link=&#8221;url:mailto%3Ainfo%40cenntroauto.de&#8221;][\/vc_column][\/vc_row][vc_row el_class=&#8221;margin-bottom-none margin-top-30&#8243;][vc_column][vc_column_text]<\/p>\n<p> Stellenangebote <\/p>\n<p>[\/vc_column_text][vc_column_text]<\/p>\n<p> \u2014 Marketingleiter*in \u2014 <\/p>\n<p>[\/vc_column_text][vc_column_text]<\/p>\n<p> \u2014 Marketingassistent*in \u2014 <\/p>\n<p>[\/vc_column_text][vc_column_text]<\/p>\n<p> \u2014 Berater*in \u2014 <\/p>\n<p>[\/vc_column_text][vc_column_text]<\/p>\n<p> <strong>F\u00fcgen Sie bitte der E-Mail Ihren Lebenslauf bei.<\/strong> <\/p>\n<p>[\/vc_column_text][\/vc_column][\/vc_row][vc_row][vc_column][vc_single_image image=&#8221;2531&#8243; img_size=&#8221;full&#8221; alignment=&#8221;center&#8221; style=&#8221;vc_box_shadow&#8221;][\/vc_column][\/vc_row]<\/p>\n","protected":false},"author":4,"featured_media":0,"parent":0,"menu_order":0,"comment_status":"closed","ping_status":"closed","template":"","meta":[],"_links":{"self":[{"href":"https:\/\/www.cenntroauto.de\/de\/wp-json\/wp\/v2\/pages\/2610"}],"collection":[{"href":"https:\/\/www.cenntroauto.de\/de\/wp-json\/wp\/v2\/pages"}],"about":[{"href":"https:\/\/www.cenntroauto.de\/de\/wp-json\/wp\/v2\/types\/page"}],"author":[{"embeddable":true,"href":"https:\/\/www.cenntroauto.de\/de\/wp-json\/wp\/v2\/users\/4"}],"replies":[{"embeddable":true,"href":"https:\/\/www.cenntroauto.de\/de\/wp-json\/wp\/v2\/comments?post=2610"}],"version-history":[{"count":4,"href":"https:\/\/www.cenntroauto.de\/de\/wp-json\/wp\/v2\/pages\/2610\/revisions"}],"predecessor-version":[{"id":3014,"href":"https:\/\/www.cenntroauto.de\/de\/wp-json\/wp\/v2\/pages\/2610\/revisions\/3014"}],"wp:attachment":[{"href":"https:\/\/www.cenntroauto.de\/de\/wp-json\/wp\/v2\/media?parent=2610"}],"curies":[{"name":"wp","href":"https:\/\/api.w.org\/{rel}","templated":true}]}}