{"id":2685,"date":"2022-09-29T18:37:48","date_gmt":"2022-09-29T16:37:48","guid":{"rendered":"https:\/\/www.cenntroauto.de\/?page_id=2685"},"modified":"2022-11-08T17:45:36","modified_gmt":"2022-11-08T16:45:36","slug":"wallbox","status":"publish","type":"page","link":"https:\/\/www.cenntroauto.de\/de\/wallbox\/","title":{"rendered":"Wallbox"},"content":{"rendered":"<p>[vc_row][vc_column][vc_empty_space][vc_column_text]<\/p>\n<h2 style=\"text-align: left;\"><strong>Modell: Cenntro220-CS-7KW\/Cenntro380-CS-ll KW<\/strong><\/h2>\n<p>[\/vc_column_text][\/vc_column][\/vc_row][vc_row][vc_column width=&#8221;1\/2&#8243;][vc_single_image image=&#8221;2713&#8243; img_size=&#8221;700&#215;400&#8243;][vc_column_text]Ladestation in zwei Modellen 220V\/7kw und 380V\/11kw f\u00fcr Elektrofahrzeuge, die perfekte L\u00f6sung f\u00fcr Unternehmen, Flotten und Privatpersonen.[\/vc_column_text][\/vc_column][vc_column width=&#8221;1\/2&#8243;][vc_column_text]Es hat Fernbedienung Unterst\u00fctzung in unserer APP, WiFi und Bluetooth, bequem zu installieren, garantieren Sie Ihre Reise mit Leichtigkeit.[\/vc_column_text][vc_single_image image=&#8221;2701&#8243; img_size=&#8221;700&#215;400&#8243;][\/vc_column][\/vc_row][vc_row][vc_column][vc_empty_space][\/vc_column][\/vc_row][vc_row][vc_column width=&#8221;1\/2&#8243;][vc_single_image image=&#8221;2792&#8243; img_size=&#8221;medium&#8221; alignment=&#8221;center&#8221; style=&#8221;vc_box_border&#8221;][vc_single_image image=&#8221;2737&#8243; img_size=&#8221;700&#215;550&#8243;][vc_column_text]<strong>Warna personal untuk pilihan produk yang lebih banyak:<\/strong><\/p>\n<p>Wallbox dalam warna Cenntro Blue, simbol langit dalam yang misterius, menghiasi stasiun pengisian daya Anda dengan warna biru yang bermartabat.[\/vc_column_text][\/vc_column][vc_column width=&#8221;1\/2&#8243;][vc_single_image image=&#8221;2788&#8243; img_size=&#8221;medium&#8221; alignment=&#8221;center&#8221; style=&#8221;vc_box_border&#8221;][vc_single_image image=&#8221;2733&#8243; img_size=&#8221;700&#215;550&#8243; alignment=&#8221;right&#8221;][vc_column_text]<strong>Warna personal untuk pilihan produk yang lebih banyak:<\/strong><\/p>\n<p>Wallbox perak mengkilap Cenntro, simbol langit malam berbintang, adalah jaminan kecepatan dan keamanan.[\/vc_column_text][\/vc_column][\/vc_row][vc_row][vc_column width=&#8221;1\/2&#8243;][vc_column_text]<\/p>\n<ul>\n<li>220V\/7kW: EAN 3534401993212<\/li>\n<li>380V\/11kW: EAN 3532207970772<\/li>\n<\/ul>\n<p>[\/vc_column_text][\/vc_column][vc_column width=&#8221;1\/2&#8243;][vc_column_text]<\/p>\n<ul>\n<li>220V\/7kW: EAN 3535846681023<\/li>\n<li>380V\/11kW: EAN 3538864011148<\/li>\n<\/ul>\n<p>[\/vc_column_text][\/vc_column][\/vc_row][vc_row][vc_column][vc_single_image image=&#8221;2944&#8243; img_size=&#8221;full&#8221;][\/vc_column][\/vc_row]<\/p>\n","protected":false},"excerpt":{"rendered":"<p>[vc_row][vc_column][vc_empty_space][vc_column_text]<\/p>\n<p> <strong>Modell: Cenntro220-CS-7KW\/Cenntro380-CS-ll KW<\/strong> <\/p>\n<p>[\/vc_column_text][\/vc_column][\/vc_row][vc_row][vc_column width=&#8221;1\/2&#8243;][vc_single_image image=&#8221;2713&#8243; img_size=&#8221;700&#215;400&#8243;][vc_column_text]Ladestation in zwei Modellen 220V\/7kw und 380V\/11kw f\u00fcr Elektrofahrzeuge, die perfekte L\u00f6sung f\u00fcr Unternehmen, Flotten und Privatpersonen.[\/vc_column_text][\/vc_column][vc_column width=&#8221;1\/2&#8243;][vc_column_text]Es hat Fernbedienung Unterst\u00fctzung in unserer APP, WiFi und Bluetooth, bequem zu installieren, garantieren Sie Ihre Reise mit Leichtigkeit.[\/vc_column_text][vc_single_image image=&#8221;2701&#8243; img_size=&#8221;700&#215;400&#8243;][\/vc_column][\/vc_row][vc_row][vc_column][vc_empty_space][\/vc_column][\/vc_row][vc_row][vc_column width=&#8221;1\/2&#8243;][vc_single_image image=&#8221;2792&#8243; img_size=&#8221;medium&#8221; alignment=&#8221;center&#8221; style=&#8221;vc_box_border&#8221;][vc_single_image image=&#8221;2737&#8243; img_size=&#8221;700&#215;550&#8243;][vc_column_text]<strong>Warna personal untuk pilihan produk yang lebih banyak:<\/strong><\/p>\n<p>Wallbox dalam warna Cenntro Blue, simbol langit dalam yang misterius, menghiasi stasiun pengisian daya Anda dengan warna biru yang bermartabat.[\/vc_column_text][\/vc_column][vc_column width=&#8221;1\/2&#8243;][vc_single_image image=&#8221;2788&#8243; img_size=&#8221;medium&#8221; alignment=&#8221;center&#8221; style=&#8221;vc_box_border&#8221;][vc_single_image image=&#8221;2733&#8243; img_size=&#8221;700&#215;550&#8243; alignment=&#8221;right&#8221;][vc_column_text]<strong>Warna personal untuk pilihan produk yang lebih banyak:<\/strong><\/p>\n<p>Wallbox perak mengkilap Cenntro, simbol langit malam berbintang, adalah jaminan kecepatan dan keamanan.[\/vc_column_text][\/vc_column][\/vc_row][vc_row][vc_column width=&#8221;1\/2&#8243;][vc_column_text]<\/p>\n<ul>\n<li>220V\/7kW: EAN 3534401993212<\/li>\n<li>380V\/11kW: EAN 3532207970772<\/li>\n<\/ul>\n<p>[\/vc_column_text][\/vc_column][vc_column width=&#8221;1\/2&#8243;][vc_column_text]<\/p>\n<ul>\n<li>220V\/7kW: EAN 3535846681023<\/li>\n<li>380V\/11kW: EAN 3538864011148<\/li>\n<\/ul>\n<p>[\/vc_column_text][\/vc_column][\/vc_row][vc_row][vc_column][vc_single_image image=&#8221;2944&#8243; img_size=&#8221;full&#8221;][\/vc_column][\/vc_row]<\/p>\n","protected":false},"author":4,"featured_media":0,"parent":0,"menu_order":0,"comment_status":"closed","ping_status":"closed","template":"","meta":[],"_links":{"self":[{"href":"https:\/\/www.cenntroauto.de\/de\/wp-json\/wp\/v2\/pages\/2685"}],"collection":[{"href":"https:\/\/www.cenntroauto.de\/de\/wp-json\/wp\/v2\/pages"}],"about":[{"href":"https:\/\/www.cenntroauto.de\/de\/wp-json\/wp\/v2\/types\/page"}],"author":[{"embeddable":true,"href":"https:\/\/www.cenntroauto.de\/de\/wp-json\/wp\/v2\/users\/4"}],"replies":[{"embeddable":true,"href":"https:\/\/www.cenntroauto.de\/de\/wp-json\/wp\/v2\/comments?post=2685"}],"version-history":[{"count":10,"href":"https:\/\/www.cenntroauto.de\/de\/wp-json\/wp\/v2\/pages\/2685\/revisions"}],"predecessor-version":[{"id":3021,"href":"https:\/\/www.cenntroauto.de\/de\/wp-json\/wp\/v2\/pages\/2685\/revisions\/3021"}],"wp:attachment":[{"href":"https:\/\/www.cenntroauto.de\/de\/wp-json\/wp\/v2\/media?parent=2685"}],"curies":[{"name":"wp","href":"https:\/\/api.w.org\/{rel}","templated":true}]}}