{"id":986,"date":"2017-09-11T15:54:30","date_gmt":"2017-09-11T13:54:30","guid":{"rendered":"https:\/\/cenntroauto.de\/?page_id=986"},"modified":"2022-10-05T15:56:42","modified_gmt":"2022-10-05T13:56:42","slug":"produkte","status":"publish","type":"page","link":"https:\/\/www.cenntroauto.de\/de\/produkte\/","title":{"rendered":"Produkte"},"content":{"rendered":"<p>[vc_row equal_height=&#8221;yes&#8221; content_placement=&#8221;top&#8221; el_class=&#8221;padding-bottom-none margin-bottom-none&#8221;][vc_column width=&#8221;1\/2&#8243;][vc_single_image image=&#8221;853&#8243; img_size=&#8221;800&#215;450&#8243; alignment=&#8221;center&#8221; style=&#8221;vc_box_shadow&#8221; onclick=&#8221;custom_link&#8221; link=&#8221;https:\/\/cenntroauto.de\/de\/listings\/logistar-200-cargo\/&#8221;][vc_custom_heading text=&#8221;Logistar 200 cargo&#8221; font_container=&#8221;tag:h3|text_align:left&#8221; use_theme_fonts=&#8221;yes&#8221; link=&#8221;url:https%3A%2F%2Fcenntroauto.de%2Fde%2Flistings%2Flogistar-200-cargo%2F|title:LOGISTAR200%20Cargo%20Box&#8221;][vc_custom_heading text=&#8221;Leichtes Elektro-Nutzfahrzeug f\u00fcr professionelle Logistikl\u00f6sungen&#8221; font_container=&#8221;tag:p|font_size:16|text_align:left&#8221; use_theme_fonts=&#8221;yes&#8221;][vc_empty_space][\/vc_column][vc_column width=&#8221;1\/2&#8243;][vc_single_image image=&#8221;854&#8243; img_size=&#8221;800&#215;450&#8243; alignment=&#8221;center&#8221; style=&#8221;vc_box_shadow&#8221; onclick=&#8221;custom_link&#8221; link=&#8221;https:\/\/cenntroauto.de\/de\/listings\/logistar-200v\/&#8221;][vc_custom_heading text=&#8221;Logistar 200V&#8221; font_container=&#8221;tag:h3|text_align:left&#8221; use_theme_fonts=&#8221;yes&#8221; link=&#8221;url:https%3A%2F%2Fcenntroauto.de%2Fde%2Flistings%2Flogistar-200v%2F|title:LOGISTAR%20200V&#8221;][vc_custom_heading text=&#8221;Ideal f\u00fcr Kurzstreckenlieferungen&#8221; font_container=&#8221;tag:p|font_size:16|text_align:left&#8221; use_theme_fonts=&#8221;yes&#8221;][vc_empty_space][\/vc_column][\/vc_row][vc_row equal_height=&#8221;yes&#8221; content_placement=&#8221;top&#8221; el_class=&#8221;padding-bottom-none margin-bottom-none&#8221;][vc_column width=&#8221;1\/2&#8243;][vc_single_image image=&#8221;933&#8243; img_size=&#8221;800&#215;450&#8243; alignment=&#8221;center&#8221; style=&#8221;vc_box_shadow&#8221; onclick=&#8221;custom_link&#8221; link=&#8221;https:\/\/cenntroauto.de\/de\/listings\/logistar-200t\/&#8221;][vc_custom_heading text=&#8221;Logistar 200T&#8221; font_container=&#8221;tag:h3|text_align:left&#8221; use_theme_fonts=&#8221;yes&#8221; link=&#8221;url:https%3A%2F%2Fcenntroauto.de%2Fde%2Flistings%2Flogistar-200t%2F|title:LOGISTAR%20200T%20%20Pickup&#8221;][vc_custom_heading text=&#8221;Elektro-Pickup f\u00fcr vielf\u00e4ltige Logistikl\u00f6sungen&#8221; font_container=&#8221;tag:p|font_size:16|text_align:left&#8221; use_theme_fonts=&#8221;yes&#8221;][vc_empty_space][\/vc_column][vc_column width=&#8221;1\/2&#8243;][vc_single_image image=&#8221;863&#8243; img_size=&#8221;800&#215;450&#8243; alignment=&#8221;center&#8221; style=&#8221;vc_box_shadow&#8221; onclick=&#8221;custom_link&#8221; link=&#8221;https:\/\/cenntroauto.de\/de\/listings\/neibor-150\/&#8221;][vc_custom_heading text=&#8221;Elektrischer Mini-Lieferwagen f\u00fcr die letzte Meile&#8221; font_container=&#8221;tag:h3|text_align:left&#8221; use_theme_fonts=&#8221;yes&#8221; link=&#8221;url:https%3A%2F%2Fcenntroauto.de%2Fde%2Flistings%2Fneibor-150%2F|title:Neibor%20150&#8243;][vc_custom_heading text=&#8221;Electric mini cargo van fror last mile delivery.&#8221; font_container=&#8221;tag:p|font_size:16|text_align:left&#8221; use_theme_fonts=&#8221;yes&#8221;][vc_empty_space][\/vc_column][\/vc_row][vc_row equal_height=&#8221;yes&#8221; content_placement=&#8221;top&#8221; el_class=&#8221;padding-bottom-none margin-bottom-none&#8221;][vc_column width=&#8221;1\/2&#8243;][vc_single_image image=&#8221;1165&#8243; img_size=&#8221;800&#215;450&#8243; alignment=&#8221;center&#8221; style=&#8221;vc_box_shadow&#8221; onclick=&#8221;custom_link&#8221; link=&#8221;https:\/\/cenntroauto.de\/de\/listings\/neibor-200\/&#8221;][vc_custom_heading text=&#8221;Neibor 200&#8243; font_container=&#8221;tag:h3|text_align:left&#8221; use_theme_fonts=&#8221;yes&#8221; link=&#8221;url:https%3A%2F%2Fcenntroauto.de%2Fde%2Flistings%2Fneibor-200%2F|title:TeeMak&#8221;][vc_custom_heading text=&#8221;Preisg\u00fcnstiger Elektro-Mini-LKW&#8221; font_container=&#8221;tag:p|font_size:16|text_align:left&#8221; use_theme_fonts=&#8221;yes&#8221;][vc_empty_space][\/vc_column][vc_column width=&#8221;1\/2&#8243;][vc_single_image image=&#8221;1085&#8243; img_size=&#8221;800&#215;450&#8243; alignment=&#8221;center&#8221; style=&#8221;vc_box_shadow&#8221; onclick=&#8221;custom_link&#8221; link=&#8221;https:\/\/cenntroauto.de\/de\/listings\/teemak\/&#8221;][vc_custom_heading text=&#8221;Teemak&#8221; font_container=&#8221;tag:h3|text_align:left&#8221; use_theme_fonts=&#8221;yes&#8221; link=&#8221;url:https%3A%2F%2Fcenntroauto.de%2Fde%2Flistings%2Fteemak%2F|title:LOGISTAR%20200T&#8221;][vc_custom_heading text=&#8221;Elektrisches Mehrzweckfahrzeug f\u00fcr den Gel\u00e4ndeeinsatz&#8221; font_container=&#8221;tag:p|font_size:16|text_align:left&#8221; use_theme_fonts=&#8221;yes&#8221;][vc_empty_space][\/vc_column][\/vc_row][vc_row][vc_column width=&#8221;1\/2&#8243;][vc_single_image image=&#8221;2825&#8243; img_size=&#8221;800&#215;450&#8243; alignment=&#8221;center&#8221; style=&#8221;vc_box_shadow&#8221; onclick=&#8221;custom_link&#8221; link=&#8221;https:\/\/www.cenntroauto.de\/de\/listings\/logistar-260\/&#8221;][vc_custom_heading text=&#8221;Logistar 260&#8243; font_container=&#8221;tag:h3|text_align:left&#8221; google_fonts=&#8221;font_family:ABeeZee%3Aregular%2Citalic|font_style:400%20regular%3A400%3Anormal&#8221; link=&#8221;url:https%3A%2F%2Fwww.cenntroauto.de%2Fde%2Flistings%2Flogistar-260%2F&#8221;][vc_custom_heading text=&#8221;Ein super professioneller Elektro-Van zur Unterst\u00fctzung der Handelslogistik&#8221; font_container=&#8221;tag:h2|font_size:16|text_align:left&#8221; google_fonts=&#8221;font_family:ABeeZee%3Aregular%2Citalic|font_style:400%20regular%3A400%3Anormal&#8221;][\/vc_column][vc_column width=&#8221;1\/2&#8243;][vc_single_image image=&#8221;2881&#8243; img_size=&#8221;800&#215;450&#8243; alignment=&#8221;center&#8221; style=&#8221;vc_box_shadow&#8221; onclick=&#8221;custom_link&#8221; link=&#8221;https:\/\/www.cenntroauto.de\/de\/listings\/logistar-100\/&#8221;][vc_custom_heading text=&#8221;Logistar 100&#8243; font_container=&#8221;tag:h3|text_align:left&#8221; google_fonts=&#8221;font_family:ABeeZee%3Aregular%2Citalic|font_style:400%20regular%3A400%3Anormal&#8221; link=&#8221;url:https%3A%2F%2Fwww.cenntroauto.de%2Fde%2Flistings%2Flogistar-100%2F&#8221;][vc_custom_heading text=&#8221;Ein leichtes Elektrofahrzeug f\u00fcr vielf\u00e4ltige Einsatzzwecke. 100% saubere Energiel\u00f6sung f\u00fcr Stadtlieferungen&#8221; font_container=&#8221;tag:h2|font_size:16|text_align:left&#8221; google_fonts=&#8221;font_family:ABeeZee%3Aregular%2Citalic|font_style:400%20regular%3A400%3Anormal&#8221;][\/vc_column][\/vc_row]<\/p>\n","protected":false},"excerpt":{"rendered":"<p>[vc_row equal_height=&#8221;yes&#8221; content_placement=&#8221;top&#8221; el_class=&#8221;padding-bottom-none margin-bottom-none&#8221;][vc_column width=&#8221;1\/2&#8243;][vc_single_image image=&#8221;853&#8243; img_size=&#8221;800&#215;450&#8243; alignment=&#8221;center&#8221; style=&#8221;vc_box_shadow&#8221; onclick=&#8221;custom_link&#8221; link=&#8221;https:\/\/cenntroauto.de\/de\/listings\/logistar-200-cargo\/&#8221;][vc_custom_heading text=&#8221;Logistar 200 cargo&#8221; font_container=&#8221;tag:h3|text_align:left&#8221; use_theme_fonts=&#8221;yes&#8221; link=&#8221;url:https%3A%2F%2Fcenntroauto.de%2Fde%2Flistings%2Flogistar-200-cargo%2F|title:LOGISTAR200%20Cargo%20Box&#8221;][vc_custom_heading text=&#8221;Leichtes Elektro-Nutzfahrzeug f\u00fcr professionelle Logistikl\u00f6sungen&#8221; font_container=&#8221;tag:p|font_size:16|text_align:left&#8221; use_theme_fonts=&#8221;yes&#8221;][vc_empty_space][\/vc_column][vc_column width=&#8221;1\/2&#8243;][vc_single_image image=&#8221;854&#8243; img_size=&#8221;800&#215;450&#8243; alignment=&#8221;center&#8221; style=&#8221;vc_box_shadow&#8221; onclick=&#8221;custom_link&#8221; link=&#8221;https:\/\/cenntroauto.de\/de\/listings\/logistar-200v\/&#8221;][vc_custom_heading text=&#8221;Logistar 200V&#8221; font_container=&#8221;tag:h3|text_align:left&#8221; use_theme_fonts=&#8221;yes&#8221; link=&#8221;url:https%3A%2F%2Fcenntroauto.de%2Fde%2Flistings%2Flogistar-200v%2F|title:LOGISTAR%20200V&#8221;][vc_custom_heading text=&#8221;Ideal f\u00fcr Kurzstreckenlieferungen&#8221; font_container=&#8221;tag:p|font_size:16|text_align:left&#8221; use_theme_fonts=&#8221;yes&#8221;][vc_empty_space][\/vc_column][\/vc_row][vc_row equal_height=&#8221;yes&#8221; content_placement=&#8221;top&#8221; el_class=&#8221;padding-bottom-none margin-bottom-none&#8221;][vc_column width=&#8221;1\/2&#8243;][vc_single_image image=&#8221;933&#8243; img_size=&#8221;800&#215;450&#8243; alignment=&#8221;center&#8221; style=&#8221;vc_box_shadow&#8221; onclick=&#8221;custom_link&#8221; link=&#8221;https:\/\/cenntroauto.de\/de\/listings\/logistar-200t\/&#8221;][vc_custom_heading text=&#8221;Logistar 200T&#8221; font_container=&#8221;tag:h3|text_align:left&#8221; use_theme_fonts=&#8221;yes&#8221; link=&#8221;url:https%3A%2F%2Fcenntroauto.de%2Fde%2Flistings%2Flogistar-200t%2F|title:LOGISTAR%20200T%20%20Pickup&#8221;][vc_custom_heading text=&#8221;Elektro-Pickup f\u00fcr vielf\u00e4ltige Logistikl\u00f6sungen&#8221; font_container=&#8221;tag:p|font_size:16|text_align:left&#8221; use_theme_fonts=&#8221;yes&#8221;][vc_empty_space][\/vc_column][vc_column width=&#8221;1\/2&#8243;][vc_single_image image=&#8221;863&#8243; img_size=&#8221;800&#215;450&#8243; alignment=&#8221;center&#8221; style=&#8221;vc_box_shadow&#8221; onclick=&#8221;custom_link&#8221; link=&#8221;https:\/\/cenntroauto.de\/de\/listings\/neibor-150\/&#8221;][vc_custom_heading text=&#8221;Elektrischer Mini-Lieferwagen f\u00fcr die letzte Meile&#8221; font_container=&#8221;tag:h3|text_align:left&#8221; use_theme_fonts=&#8221;yes&#8221; link=&#8221;url:https%3A%2F%2Fcenntroauto.de%2Fde%2Flistings%2Fneibor-150%2F|title:Neibor%20150&#8243;][vc_custom_heading text=&#8221;Electric mini cargo van fror last mile delivery.&#8221; font_container=&#8221;tag:p|font_size:16|text_align:left&#8221; use_theme_fonts=&#8221;yes&#8221;][vc_empty_space][\/vc_column][\/vc_row][vc_row equal_height=&#8221;yes&#8221; content_placement=&#8221;top&#8221; el_class=&#8221;padding-bottom-none margin-bottom-none&#8221;][vc_column width=&#8221;1\/2&#8243;][vc_single_image image=&#8221;1165&#8243; img_size=&#8221;800&#215;450&#8243; alignment=&#8221;center&#8221; style=&#8221;vc_box_shadow&#8221; onclick=&#8221;custom_link&#8221; link=&#8221;https:\/\/cenntroauto.de\/de\/listings\/neibor-200\/&#8221;][vc_custom_heading text=&#8221;Neibor 200&#8243; font_container=&#8221;tag:h3|text_align:left&#8221; use_theme_fonts=&#8221;yes&#8221; link=&#8221;url:https%3A%2F%2Fcenntroauto.de%2Fde%2Flistings%2Fneibor-200%2F|title:TeeMak&#8221;][vc_custom_heading text=&#8221;Preisg\u00fcnstiger Elektro-Mini-LKW&#8221; font_container=&#8221;tag:p|font_size:16|text_align:left&#8221; use_theme_fonts=&#8221;yes&#8221;][vc_empty_space][\/vc_column][vc_column width=&#8221;1\/2&#8243;][vc_single_image image=&#8221;1085&#8243; img_size=&#8221;800&#215;450&#8243; alignment=&#8221;center&#8221; style=&#8221;vc_box_shadow&#8221; onclick=&#8221;custom_link&#8221; link=&#8221;https:\/\/cenntroauto.de\/de\/listings\/teemak\/&#8221;][vc_custom_heading text=&#8221;Teemak&#8221; font_container=&#8221;tag:h3|text_align:left&#8221; use_theme_fonts=&#8221;yes&#8221; link=&#8221;url:https%3A%2F%2Fcenntroauto.de%2Fde%2Flistings%2Fteemak%2F|title:LOGISTAR%20200T&#8221;][vc_custom_heading text=&#8221;Elektrisches Mehrzweckfahrzeug f\u00fcr den Gel\u00e4ndeeinsatz&#8221; font_container=&#8221;tag:p|font_size:16|text_align:left&#8221; use_theme_fonts=&#8221;yes&#8221;][vc_empty_space][\/vc_column][\/vc_row][vc_row][vc_column width=&#8221;1\/2&#8243;][vc_single_image image=&#8221;2825&#8243; img_size=&#8221;800&#215;450&#8243; alignment=&#8221;center&#8221; style=&#8221;vc_box_shadow&#8221; onclick=&#8221;custom_link&#8221; link=&#8221;https:\/\/www.cenntroauto.de\/de\/listings\/logistar-260\/&#8221;][vc_custom_heading text=&#8221;Logistar 260&#8243; font_container=&#8221;tag:h3|text_align:left&#8221; google_fonts=&#8221;font_family:ABeeZee%3Aregular%2Citalic|font_style:400%20regular%3A400%3Anormal&#8221; link=&#8221;url:https%3A%2F%2Fwww.cenntroauto.de%2Fde%2Flistings%2Flogistar-260%2F&#8221;][vc_custom_heading text=&#8221;Ein super professioneller Elektro-Van zur Unterst\u00fctzung der Handelslogistik&#8221; font_container=&#8221;tag:h2|font_size:16|text_align:left&#8221; google_fonts=&#8221;font_family:ABeeZee%3Aregular%2Citalic|font_style:400%20regular%3A400%3Anormal&#8221;][\/vc_column][vc_column width=&#8221;1\/2&#8243;][vc_single_image image=&#8221;2881&#8243; img_size=&#8221;800&#215;450&#8243; alignment=&#8221;center&#8221; style=&#8221;vc_box_shadow&#8221; [&#8230;]<\/p>\n","protected":false},"author":1,"featured_media":0,"parent":0,"menu_order":0,"comment_status":"closed","ping_status":"closed","template":"","meta":[],"_links":{"self":[{"href":"https:\/\/www.cenntroauto.de\/de\/wp-json\/wp\/v2\/pages\/986"}],"collection":[{"href":"https:\/\/www.cenntroauto.de\/de\/wp-json\/wp\/v2\/pages"}],"about":[{"href":"https:\/\/www.cenntroauto.de\/de\/wp-json\/wp\/v2\/types\/page"}],"author":[{"embeddable":true,"href":"https:\/\/www.cenntroauto.de\/de\/wp-json\/wp\/v2\/users\/1"}],"replies":[{"embeddable":true,"href":"https:\/\/www.cenntroauto.de\/de\/wp-json\/wp\/v2\/comments?post=986"}],"version-history":[{"count":10,"href":"https:\/\/www.cenntroauto.de\/de\/wp-json\/wp\/v2\/pages\/986\/revisions"}],"predecessor-version":[{"id":1313,"href":"https:\/\/www.cenntroauto.de\/de\/wp-json\/wp\/v2\/pages\/986\/revisions\/1313"}],"wp:attachment":[{"href":"https:\/\/www.cenntroauto.de\/de\/wp-json\/wp\/v2\/media?parent=986"}],"curies":[{"name":"wp","href":"https:\/\/api.w.org\/{rel}","templated":true}]}}