{"id":2976,"date":"2022-09-29T18:37:48","date_gmt":"2022-09-29T16:37:48","guid":{"rendered":"https:\/\/www.cenntroauto.de\/?page_id=2976"},"modified":"2022-11-08T17:46:12","modified_gmt":"2022-11-08T16:46:12","slug":"wallbox","status":"publish","type":"page","link":"https:\/\/www.cenntroauto.de\/pl\/wallbox\/","title":{"rendered":"Wallbox"},"content":{"rendered":"<p>[vc_row][vc_column][vc_empty_space][vc_column_text]<\/p>\n<h2 style=\"text-align: left;\"><strong>Modele: Cenntro220-CS-7KW\/Cenntro380-CS-ll KW<\/strong><\/h2>\n<p>[\/vc_column_text][\/vc_column][\/vc_row][vc_row][vc_column width=&#8221;1\/2&#8243;][vc_single_image image=&#8221;2715&#8243; img_size=&#8221;700&#215;400&#8243;][vc_column_text]Stacja \u0142adowania w dw\u00f3ch modelach 220V\/7kw i 380V\/11kw do pojazd\u00f3w elektrycznych, idealne rozwi\u0105zanie dla firm, flot i os\u00f3b prywatnych.[\/vc_column_text][\/vc_column][vc_column width=&#8221;1\/2&#8243;][vc_column_text]Ma wsparcie zdalnego sterowania w naszym APP, WiFi i Bluetooth, wygodny do zainstalowania, zagwarantuj swoj\u0105 podr\u00f3\u017c z \u0142atwo\u015bci\u0105.[\/vc_column_text][vc_single_image image=&#8221;2703&#8243; img_size=&#8221;700&#215;400&#8243;][\/vc_column][\/vc_row][vc_row][vc_column][vc_empty_space][\/vc_column][\/vc_row][vc_row][vc_column width=&#8221;1\/2&#8243;][vc_single_image image=&#8221;2794&#8243; img_size=&#8221;medium&#8221; alignment=&#8221;center&#8221; style=&#8221;vc_box_border&#8221;][vc_single_image image=&#8221;2739&#8243; img_size=&#8221;700&#215;550&#8243;][vc_column_text]<strong>Personalizowane kolory dla wi\u0119kszego wyboru produkt\u00f3w:<\/strong><\/p>\n<p>Wallbox w Cenntro Blue, tajemniczy symbol g\u0142\u0119bokiego nieba, zdobi Twoj\u0105 stacj\u0119 \u0142adowania w dostojnym niebieskim kolorze.[\/vc_column_text][\/vc_column][vc_column width=&#8221;1\/2&#8243;][vc_single_image image=&#8221;2790&#8243; img_size=&#8221;medium&#8221; alignment=&#8221;center&#8221; style=&#8221;vc_box_border&#8221;][vc_single_image image=&#8221;2735&#8243; img_size=&#8221;700&#215;550&#8243; alignment=&#8221;right&#8221;][vc_column_text]<strong>Personalizowane kolory dla wi\u0119kszego wyboru produkt\u00f3w:<\/strong><\/p>\n<p>L\u015bni\u0105cy srebrny wallbox Cenntro, symbol rozgwie\u017cd\u017conego nocnego nieba, to gwarancja szybko\u015bci i bezpiecze\u0144stwa.[\/vc_column_text][\/vc_column][\/vc_row][vc_row][vc_column width=&#8221;1\/2&#8243;][vc_column_text]<\/p>\n<ul>\n<li>220V\/7kW: EAN 3534401993212<\/li>\n<li>380V\/11kW: EAN 3532207970772<\/li>\n<\/ul>\n<p>[\/vc_column_text][\/vc_column][vc_column width=&#8221;1\/2&#8243;][vc_column_text]<\/p>\n<ul>\n<li>220V\/7kW: EAN 3535846681023<\/li>\n<li>380V\/11kW: EAN 3538864011148<\/li>\n<\/ul>\n<p>[\/vc_column_text][\/vc_column][\/vc_row][vc_row][vc_column][vc_single_image image=&#8221;2977&#8243; img_size=&#8221;full&#8221;][\/vc_column][\/vc_row]<\/p>\n","protected":false},"excerpt":{"rendered":"<p>[vc_row][vc_column][vc_empty_space][vc_column_text]<\/p>\n<p> <strong>Modele: Cenntro220-CS-7KW\/Cenntro380-CS-ll KW<\/strong> <\/p>\n<p>[\/vc_column_text][\/vc_column][\/vc_row][vc_row][vc_column width=&#8221;1\/2&#8243;][vc_single_image image=&#8221;2715&#8243; img_size=&#8221;700&#215;400&#8243;][vc_column_text]Stacja \u0142adowania w dw\u00f3ch modelach 220V\/7kw i 380V\/11kw do pojazd\u00f3w elektrycznych, idealne rozwi\u0105zanie dla firm, flot i os\u00f3b prywatnych.[\/vc_column_text][\/vc_column][vc_column width=&#8221;1\/2&#8243;][vc_column_text]Ma wsparcie zdalnego sterowania w naszym APP, WiFi i Bluetooth, wygodny do zainstalowania, zagwarantuj swoj\u0105 podr\u00f3\u017c z \u0142atwo\u015bci\u0105.[\/vc_column_text][vc_single_image image=&#8221;2703&#8243; img_size=&#8221;700&#215;400&#8243;][\/vc_column][\/vc_row][vc_row][vc_column][vc_empty_space][\/vc_column][\/vc_row][vc_row][vc_column width=&#8221;1\/2&#8243;][vc_single_image image=&#8221;2794&#8243; img_size=&#8221;medium&#8221; alignment=&#8221;center&#8221; style=&#8221;vc_box_border&#8221;][vc_single_image image=&#8221;2739&#8243; img_size=&#8221;700&#215;550&#8243;][vc_column_text]<strong>Personalizowane kolory dla wi\u0119kszego wyboru produkt\u00f3w:<\/strong><\/p>\n<p>Wallbox w Cenntro Blue, tajemniczy symbol g\u0142\u0119bokiego nieba, zdobi Twoj\u0105 stacj\u0119 \u0142adowania w dostojnym niebieskim kolorze.[\/vc_column_text][\/vc_column][vc_column width=&#8221;1\/2&#8243;][vc_single_image image=&#8221;2790&#8243; img_size=&#8221;medium&#8221; alignment=&#8221;center&#8221; style=&#8221;vc_box_border&#8221;][vc_single_image image=&#8221;2735&#8243; img_size=&#8221;700&#215;550&#8243; alignment=&#8221;right&#8221;][vc_column_text]<strong>Personalizowane kolory dla wi\u0119kszego wyboru produkt\u00f3w:<\/strong><\/p>\n<p>L\u015bni\u0105cy srebrny wallbox Cenntro, symbol rozgwie\u017cd\u017conego nocnego nieba, to gwarancja szybko\u015bci i bezpiecze\u0144stwa.[\/vc_column_text][\/vc_column][\/vc_row][vc_row][vc_column width=&#8221;1\/2&#8243;][vc_column_text]<\/p>\n<ul>\n<li>220V\/7kW: EAN 3534401993212<\/li>\n<li>380V\/11kW: EAN 3532207970772<\/li>\n<\/ul>\n<p>[\/vc_column_text][\/vc_column][vc_column width=&#8221;1\/2&#8243;][vc_column_text]<\/p>\n<ul>\n<li>220V\/7kW: EAN 3535846681023<\/li>\n<li>380V\/11kW: EAN 3538864011148<\/li>\n<\/ul>\n<p>[\/vc_column_text][\/vc_column][\/vc_row][vc_row][vc_column][vc_single_image image=&#8221;2977&#8243; img_size=&#8221;full&#8221;][\/vc_column][\/vc_row]<\/p>\n","protected":false},"author":4,"featured_media":0,"parent":0,"menu_order":0,"comment_status":"closed","ping_status":"closed","template":"","meta":[],"_links":{"self":[{"href":"https:\/\/www.cenntroauto.de\/pl\/wp-json\/wp\/v2\/pages\/2976"}],"collection":[{"href":"https:\/\/www.cenntroauto.de\/pl\/wp-json\/wp\/v2\/pages"}],"about":[{"href":"https:\/\/www.cenntroauto.de\/pl\/wp-json\/wp\/v2\/types\/page"}],"author":[{"embeddable":true,"href":"https:\/\/www.cenntroauto.de\/pl\/wp-json\/wp\/v2\/users\/4"}],"replies":[{"embeddable":true,"href":"https:\/\/www.cenntroauto.de\/pl\/wp-json\/wp\/v2\/comments?post=2976"}],"version-history":[{"count":3,"href":"https:\/\/www.cenntroauto.de\/pl\/wp-json\/wp\/v2\/pages\/2976\/revisions"}],"predecessor-version":[{"id":3023,"href":"https:\/\/www.cenntroauto.de\/pl\/wp-json\/wp\/v2\/pages\/2976\/revisions\/3023"}],"wp:attachment":[{"href":"https:\/\/www.cenntroauto.de\/pl\/wp-json\/wp\/v2\/media?parent=2976"}],"curies":[{"name":"wp","href":"https:\/\/api.w.org\/{rel}","templated":true}]}}